{"id":1774,"date":"2019-01-24T17:34:40","date_gmt":"2019-01-24T17:34:40","guid":{"rendered":"https:\/\/tecnologiasocial.org\/?page_id=1774"},"modified":"2019-01-25T11:31:51","modified_gmt":"2019-01-25T11:31:51","slug":"newsletter-aptes","status":"publish","type":"page","link":"https:\/\/tecnologiasocial.org\/eu\/newsletter-aptes\/","title":{"rendered":"Newsletter APTES"},"content":{"rendered":"<div class=\"fusion-fullwidth fullwidth-box fusion-builder-row-1 nonhundred-percent-fullwidth non-hundred-percent-height-scrolling\" style=\"background-color: rgba(255,255,255,0);background-position: center center;background-repeat: no-repeat;padding-top:0px;padding-right:0px;padding-bottom:0px;padding-left:0px;margin-bottom: 0px;margin-top: 0px;border-width: 0px 0px 0px 0px;border-color:#e5e5e5;border-style:solid;\" ><div class=\"fusion-builder-row fusion-row\"><div class=\"fusion-layout-column fusion_builder_column fusion-builder-column-0 fusion_builder_column_1_5 1_5 fusion-one-fifth fusion-column-first\" style=\"width:20%;width:calc(20% - ( ( 4% + 4% ) * 0.2 ) );margin-right: 4%;margin-top:0px;margin-bottom:20px;\"><div class=\"fusion-column-wrapper fusion-flex-column-wrapper-legacy\" style=\"background-position:left top;background-repeat:no-repeat;-webkit-background-size:cover;-moz-background-size:cover;-o-background-size:cover;background-size:cover;padding: 0px 0px 0px 0px;\"><div class=\"fusion-clearfix\"><\/div><\/div><\/div><div class=\"fusion-layout-column fusion_builder_column fusion-builder-column-1 fusion_builder_column_3_5 3_5 fusion-three-fifth\" style=\"width:60%;width:calc(60% - ( ( 4% + 4% ) * 0.6 ) );margin-right: 4%;margin-top:0px;margin-bottom:20px;\"><div class=\"fusion-column-wrapper fusion-flex-column-wrapper-legacy\" style=\"background-position:left top;background-repeat:no-repeat;-webkit-background-size:cover;-moz-background-size:cover;-o-background-size:cover;background-size:cover;padding: 0px 0px 0px 0px;\"><div class=\"imageframe-align-center\"><span class=\" fusion-imageframe imageframe-none imageframe-1 hover-type-none\"><img width=\"150\" height=\"150\" alt=\"\u00a1Suscr\u00edbete a la newsletter de APTES!\" title=\"Newsletter-APTES\" src=\"https:\/\/tecnologiasocial.org\/wp-content\/uploads\/2018\/11\/Newsletter-APTES-150x150.png\" class=\"img-responsive wp-image-1369\" srcset=\"https:\/\/tecnologiasocial.org\/wp-content\/uploads\/2018\/11\/Newsletter-APTES-200x200.png 200w, https:\/\/tecnologiasocial.org\/wp-content\/uploads\/2018\/11\/Newsletter-APTES-400x400.png 400w, https:\/\/tecnologiasocial.org\/wp-content\/uploads\/2018\/11\/Newsletter-APTES.png 512w\" sizes=\"(max-width: 1000px) 100vw, 150px\" \/><\/span><\/div><div class=\"fusion-sep-clear\"><\/div><div class=\"fusion-separator fusion-full-width-sep\" style=\"margin-left: auto;margin-right: auto;margin-top:5px;margin-bottom:5px;width:100%;\"><\/div><div class=\"fusion-sep-clear\"><\/div><style type=\"text\/css\"><\/style><div class=\"fusion-title title fusion-title-1 fusion-sep-none fusion-title-center fusion-title-text fusion-title-size-one\" style=\"margin-top:0px;margin-right:0px;margin-bottom:31px;margin-left:0px;\"><h1 class=\"title-heading-center fusion-responsive-typography-calculated\" style=\"margin:0;--fontSize:50;line-height:1.2;\">Harpidetu gure buletinean!<\/h1><\/div><div class=\"fusion-text fusion-text-1\"><p style=\"text-align: left;\">Eskerrik asko gure buletinean zure interesagatik! <strong>Harpidetu<\/strong> gure azken berriak eta interesgarria den edukia jasotzeko.<br \/>\nEz kezkatu, ez dugu zure posta elektronikoa bete nahi! <strong>Hilero posta elektroniko bat<\/strong> bidaliko dizugu albiste eguneratuta mantentzeko.<\/p>\n<p>Ez ditugu zure datuak erabiliko hirugarrenei emateko.<\/p>\n<\/div>[mc4wp_form id=\"1592\"]<div class=\"fusion-clearfix\"><\/div><\/div><\/div><div class=\"fusion-layout-column fusion_builder_column fusion-builder-column-2 fusion_builder_column_1_5 1_5 fusion-one-fifth fusion-column-last\" style=\"width:20%;width:calc(20% - ( ( 4% + 4% ) * 0.2 ) );margin-top:0px;margin-bottom:20px;\"><div class=\"fusion-column-wrapper fusion-flex-column-wrapper-legacy\" style=\"background-position:left top;background-repeat:no-repeat;-webkit-background-size:cover;-moz-background-size:cover;-o-background-size:cover;background-size:cover;padding: 0px 0px 0px 0px;\"><div class=\"fusion-clearfix\"><\/div><\/div><\/div><\/div><\/div>\n","protected":false},"excerpt":{"rendered":"","protected":false},"author":1,"featured_media":1780,"parent":0,"menu_order":0,"comment_status":"closed","ping_status":"closed","template":"","meta":{"_monsterinsights_skip_tracking":false,"_monsterinsights_sitenote_active":false,"_monsterinsights_sitenote_note":"","_monsterinsights_sitenote_category":0},"yoast_head":"<!-- This site is optimized with the Yoast SEO plugin v19.9 - https:\/\/yoast.com\/wordpress\/plugins\/seo\/ -->\n<title>Newsletter APTES<\/title>\n<meta name=\"description\" content=\"Harpidetu gure buletinean! Eskerrik asko gure buletinean zure interesagatik! Harpidetu gure azken berriak eta interesgarria den edukia jasotzeko.\" \/>\n<meta name=\"robots\" content=\"index, follow, max-snippet:-1, max-image-preview:large, max-video-preview:-1\" \/>\n<link rel=\"canonical\" href=\"https:\/\/tecnologiasocial.org\/eu\/newsletter-aptes\/\" \/>\n<meta property=\"og:locale\" content=\"eu_ES\" \/>\n<meta property=\"og:type\" content=\"article\" \/>\n<meta property=\"og:title\" content=\"Newsletter APTES\" \/>\n<meta property=\"og:description\" content=\"Harpidetu gure buletinean! Eskerrik asko gure buletinean zure interesagatik! Harpidetu gure azken berriak eta interesgarria den edukia jasotzeko.\" \/>\n<meta property=\"og:url\" content=\"https:\/\/tecnologiasocial.org\/eu\/newsletter-aptes\/\" \/>\n<meta property=\"og:site_name\" content=\"APTES\" \/>\n<meta property=\"article:publisher\" content=\"https:\/\/www.facebook.com\/aptestecnologiasocial\/\" \/>\n<meta property=\"article:modified_time\" content=\"2019-01-25T11:31:51+00:00\" \/>\n<meta property=\"og:image\" content=\"https:\/\/tecnologiasocial.org\/wp-content\/uploads\/2019\/01\/Newsletter-APTES-eus.jpg\" \/>\n\t<meta property=\"og:image:width\" content=\"1766\" \/>\n\t<meta property=\"og:image:height\" content=\"1179\" \/>\n\t<meta property=\"og:image:type\" content=\"image\/jpeg\" \/>\n<meta name=\"twitter:card\" content=\"summary_large_image\" \/>\n<meta name=\"twitter:site\" content=\"@APTEStecsocial\" \/>\n<meta name=\"twitter:label1\" content=\"Est. reading time\" \/>\n\t<meta name=\"twitter:data1\" content=\"3 minutes\" \/>\n<script type=\"application\/ld+json\" class=\"yoast-schema-graph\">{\"@context\":\"https:\/\/schema.org\",\"@graph\":[{\"@type\":\"WebPage\",\"@id\":\"https:\/\/tecnologiasocial.org\/eu\/newsletter-aptes\/\",\"url\":\"https:\/\/tecnologiasocial.org\/eu\/newsletter-aptes\/\",\"name\":\"Newsletter APTES\",\"isPartOf\":{\"@id\":\"https:\/\/tecnologiasocial.org\/#website\"},\"datePublished\":\"2019-01-24T17:34:40+00:00\",\"dateModified\":\"2019-01-25T11:31:51+00:00\",\"description\":\"Harpidetu gure buletinean! Eskerrik asko gure buletinean zure interesagatik! Harpidetu gure azken berriak eta interesgarria den edukia jasotzeko.\",\"breadcrumb\":{\"@id\":\"https:\/\/tecnologiasocial.org\/eu\/newsletter-aptes\/#breadcrumb\"},\"inLanguage\":\"eu-ES\",\"potentialAction\":[{\"@type\":\"ReadAction\",\"target\":[\"https:\/\/tecnologiasocial.org\/eu\/newsletter-aptes\/\"]}]},{\"@type\":\"BreadcrumbList\",\"@id\":\"https:\/\/tecnologiasocial.org\/eu\/newsletter-aptes\/#breadcrumb\",\"itemListElement\":[{\"@type\":\"ListItem\",\"position\":1,\"name\":\"Portada\",\"item\":\"https:\/\/tecnologiasocial.org\/eu\/aptes-diseno-y-tecnologia-social\/\"},{\"@type\":\"ListItem\",\"position\":2,\"name\":\"Newsletter APTES\"}]},{\"@type\":\"WebSite\",\"@id\":\"https:\/\/tecnologiasocial.org\/#website\",\"url\":\"https:\/\/tecnologiasocial.org\/\",\"name\":\"APTES\",\"description\":\"Asociaci\u00f3n para la Promoci\u00f3n de la Tecnolog\u00eda Social\",\"publisher\":{\"@id\":\"https:\/\/tecnologiasocial.org\/#organization\"},\"potentialAction\":[{\"@type\":\"SearchAction\",\"target\":{\"@type\":\"EntryPoint\",\"urlTemplate\":\"https:\/\/tecnologiasocial.org\/?s={search_term_string}\"},\"query-input\":\"required name=search_term_string\"}],\"inLanguage\":\"eu-ES\"},{\"@type\":\"Organization\",\"@id\":\"https:\/\/tecnologiasocial.org\/#organization\",\"name\":\"APTES\",\"url\":\"https:\/\/tecnologiasocial.org\/\",\"logo\":{\"@type\":\"ImageObject\",\"inLanguage\":\"eu-ES\",\"@id\":\"https:\/\/tecnologiasocial.org\/#\/schema\/logo\/image\/\",\"url\":\"https:\/\/tecnologiasocial.org\/wp-content\/uploads\/2020\/07\/png.png\",\"contentUrl\":\"https:\/\/tecnologiasocial.org\/wp-content\/uploads\/2020\/07\/png.png\",\"width\":184,\"height\":181,\"caption\":\"APTES\"},\"image\":{\"@id\":\"https:\/\/tecnologiasocial.org\/#\/schema\/logo\/image\/\"},\"sameAs\":[\"https:\/\/www.facebook.com\/aptestecnologiasocial\/\",\"https:\/\/twitter.com\/APTEStecsocial\"]}]}<\/script>\n<!-- \/ Yoast SEO plugin. -->","yoast_head_json":{"title":"Newsletter APTES","description":"Harpidetu gure buletinean! Eskerrik asko gure buletinean zure interesagatik! Harpidetu gure azken berriak eta interesgarria den edukia jasotzeko.","robots":{"index":"index","follow":"follow","max-snippet":"max-snippet:-1","max-image-preview":"max-image-preview:large","max-video-preview":"max-video-preview:-1"},"canonical":"https:\/\/tecnologiasocial.org\/eu\/newsletter-aptes\/","og_locale":"eu_ES","og_type":"article","og_title":"Newsletter APTES","og_description":"Harpidetu gure buletinean! Eskerrik asko gure buletinean zure interesagatik! Harpidetu gure azken berriak eta interesgarria den edukia jasotzeko.","og_url":"https:\/\/tecnologiasocial.org\/eu\/newsletter-aptes\/","og_site_name":"APTES","article_publisher":"https:\/\/www.facebook.com\/aptestecnologiasocial\/","article_modified_time":"2019-01-25T11:31:51+00:00","og_image":[{"width":1766,"height":1179,"url":"https:\/\/tecnologiasocial.org\/wp-content\/uploads\/2019\/01\/Newsletter-APTES-eus.jpg","type":"image\/jpeg"}],"twitter_card":"summary_large_image","twitter_site":"@APTEStecsocial","twitter_misc":{"Est. reading time":"3 minutes"},"schema":{"@context":"https:\/\/schema.org","@graph":[{"@type":"WebPage","@id":"https:\/\/tecnologiasocial.org\/eu\/newsletter-aptes\/","url":"https:\/\/tecnologiasocial.org\/eu\/newsletter-aptes\/","name":"Newsletter APTES","isPartOf":{"@id":"https:\/\/tecnologiasocial.org\/#website"},"datePublished":"2019-01-24T17:34:40+00:00","dateModified":"2019-01-25T11:31:51+00:00","description":"Harpidetu gure buletinean! Eskerrik asko gure buletinean zure interesagatik! Harpidetu gure azken berriak eta interesgarria den edukia jasotzeko.","breadcrumb":{"@id":"https:\/\/tecnologiasocial.org\/eu\/newsletter-aptes\/#breadcrumb"},"inLanguage":"eu-ES","potentialAction":[{"@type":"ReadAction","target":["https:\/\/tecnologiasocial.org\/eu\/newsletter-aptes\/"]}]},{"@type":"BreadcrumbList","@id":"https:\/\/tecnologiasocial.org\/eu\/newsletter-aptes\/#breadcrumb","itemListElement":[{"@type":"ListItem","position":1,"name":"Portada","item":"https:\/\/tecnologiasocial.org\/eu\/aptes-diseno-y-tecnologia-social\/"},{"@type":"ListItem","position":2,"name":"Newsletter APTES"}]},{"@type":"WebSite","@id":"https:\/\/tecnologiasocial.org\/#website","url":"https:\/\/tecnologiasocial.org\/","name":"APTES","description":"Asociaci\u00f3n para la Promoci\u00f3n de la Tecnolog\u00eda Social","publisher":{"@id":"https:\/\/tecnologiasocial.org\/#organization"},"potentialAction":[{"@type":"SearchAction","target":{"@type":"EntryPoint","urlTemplate":"https:\/\/tecnologiasocial.org\/?s={search_term_string}"},"query-input":"required name=search_term_string"}],"inLanguage":"eu-ES"},{"@type":"Organization","@id":"https:\/\/tecnologiasocial.org\/#organization","name":"APTES","url":"https:\/\/tecnologiasocial.org\/","logo":{"@type":"ImageObject","inLanguage":"eu-ES","@id":"https:\/\/tecnologiasocial.org\/#\/schema\/logo\/image\/","url":"https:\/\/tecnologiasocial.org\/wp-content\/uploads\/2020\/07\/png.png","contentUrl":"https:\/\/tecnologiasocial.org\/wp-content\/uploads\/2020\/07\/png.png","width":184,"height":181,"caption":"APTES"},"image":{"@id":"https:\/\/tecnologiasocial.org\/#\/schema\/logo\/image\/"},"sameAs":["https:\/\/www.facebook.com\/aptestecnologiasocial\/","https:\/\/twitter.com\/APTEStecsocial"]}]}},"_links":{"self":[{"href":"https:\/\/tecnologiasocial.org\/eu\/wp-json\/wp\/v2\/pages\/1774"}],"collection":[{"href":"https:\/\/tecnologiasocial.org\/eu\/wp-json\/wp\/v2\/pages"}],"about":[{"href":"https:\/\/tecnologiasocial.org\/eu\/wp-json\/wp\/v2\/types\/page"}],"author":[{"embeddable":true,"href":"https:\/\/tecnologiasocial.org\/eu\/wp-json\/wp\/v2\/users\/1"}],"replies":[{"embeddable":true,"href":"https:\/\/tecnologiasocial.org\/eu\/wp-json\/wp\/v2\/comments?post=1774"}],"version-history":[{"count":2,"href":"https:\/\/tecnologiasocial.org\/eu\/wp-json\/wp\/v2\/pages\/1774\/revisions"}],"predecessor-version":[{"id":1776,"href":"https:\/\/tecnologiasocial.org\/eu\/wp-json\/wp\/v2\/pages\/1774\/revisions\/1776"}],"wp:featuredmedia":[{"embeddable":true,"href":"https:\/\/tecnologiasocial.org\/eu\/wp-json\/wp\/v2\/media\/1780"}],"wp:attachment":[{"href":"https:\/\/tecnologiasocial.org\/eu\/wp-json\/wp\/v2\/media?parent=1774"}],"curies":[{"name":"wp","href":"https:\/\/api.w.org\/{rel}","templated":true}]}}